{"id":27,"date":"2015-11-18T17:52:27","date_gmt":"2015-11-18T23:52:27","guid":{"rendered":"http:\/\/www.irox.mx\/wp\/?page_id=27"},"modified":"2025-03-18T14:12:52","modified_gmt":"2025-03-18T20:12:52","slug":"primaria","status":"publish","type":"page","link":"https:\/\/www.irox.mx\/wp\/educacion\/primaria\/","title":{"rendered":"Nivel Primaria"},"content":{"rendered":"<p>Tenemos cursos y talleres para ni\u00f1os de primaria (7 a 12 a\u00f1os).<\/p>\n<ul>\n<li>Rob\u00f3tica\n<ul>\n<li>Con Lego Mindstorms NXT\/EV3<\/li>\n<li>Con Arduino<\/li>\n<\/ul>\n<\/li>\n<li>Programaci\u00f3n\n<ul>\n<li>Lego NXT\/EV3\/Inventor<\/li>\n<li>En\u00a0Scratch<\/li>\n<li>Python<\/li>\n<\/ul>\n<\/li>\n<li>Ofim\u00e1tica\n<ul>\n<li>Procesador de textos<\/li>\n<li>Hoja de c\u00e1lculo<\/li>\n<li>Presentaciones<\/li>\n<\/ul>\n<\/li>\n<\/ul>\n","protected":false},"excerpt":{"rendered":"<p>Tenemos cursos y talleres para ni\u00f1os de primaria (7 a 12 a\u00f1os). Rob\u00f3tica Con Lego Mindstorms NXT\/EV3 Con Arduino Programaci\u00f3n Lego NXT\/EV3\/Inventor En\u00a0Scratch Python Ofim\u00e1tica Procesador de textos Hoja de c\u00e1lculo Presentaciones<\/p>\n","protected":false},"author":1,"featured_media":0,"parent":975,"menu_order":150,"comment_status":"closed","ping_status":"closed","template":"","meta":{"footnotes":""},"class_list":["post-27","page","type-page","status-publish","hentry","post"],"_links":{"self":[{"href":"https:\/\/www.irox.mx\/wp\/wp-json\/wp\/v2\/pages\/27","targetHints":{"allow":["GET"]}}],"collection":[{"href":"https:\/\/www.irox.mx\/wp\/wp-json\/wp\/v2\/pages"}],"about":[{"href":"https:\/\/www.irox.mx\/wp\/wp-json\/wp\/v2\/types\/page"}],"author":[{"embeddable":true,"href":"https:\/\/www.irox.mx\/wp\/wp-json\/wp\/v2\/users\/1"}],"replies":[{"embeddable":true,"href":"https:\/\/www.irox.mx\/wp\/wp-json\/wp\/v2\/comments?post=27"}],"version-history":[{"count":7,"href":"https:\/\/www.irox.mx\/wp\/wp-json\/wp\/v2\/pages\/27\/revisions"}],"predecessor-version":[{"id":2353,"href":"https:\/\/www.irox.mx\/wp\/wp-json\/wp\/v2\/pages\/27\/revisions\/2353"}],"up":[{"embeddable":true,"href":"https:\/\/www.irox.mx\/wp\/wp-json\/wp\/v2\/pages\/975"}],"wp:attachment":[{"href":"https:\/\/www.irox.mx\/wp\/wp-json\/wp\/v2\/media?parent=27"}],"curies":[{"name":"wp","href":"https:\/\/api.w.org\/{rel}","templated":true}]}}