{"id":531,"date":"2016-09-06T22:04:29","date_gmt":"2016-09-07T04:04:29","guid":{"rendered":"http:\/\/www.irox.mx\/wp\/?page_id=531"},"modified":"2024-08-28T22:39:23","modified_gmt":"2024-08-29T04:39:23","slug":"makerspace","status":"publish","type":"page","link":"https:\/\/www.irox.mx\/wp\/makerspace\/","title":{"rendered":"Maker Space iRoX"},"content":{"rendered":"<p><strong>Maker Space iRoX<\/strong> es un espacio donde la gente se puede reunir para crear o inventar cosas, de manera tradicional o usando tecnolog\u00eda, mediante la resoluci\u00f3n de problemas y la inmersi\u00f3n en proyectos personales significativos.<\/p>\n<p><strong><img loading=\"lazy\" decoding=\"async\" class=\"alignright wp-image-2074 size-thumbnail\" src=\"https:\/\/www.irox.mx\/wp\/wp-content\/uploads\/2023\/06\/2023-04-TMR-Limpiadores-Playa-06-arenito-trofeo-2-150x150.jpeg\" alt=\"\" width=\"150\" height=\"150\" \/><\/strong>El <strong>Maker Space iRoX<\/strong> est\u00e1 ubicado en la ciudad de Xalapa, Veracruz, M\u00e9xico; cuenta con equipos, kits de desarrollo y aprendizaje, m\u00e1quinas y herramientas para que puedas trabajar en tus proyectos personales, escolares, o profesionales, con la asesor\u00eda de nuestros ingenieros, personal especializado asociado, e incluso con la ayuda de otros creadores afiliados.<\/p>\n<p><strong>Asesor\u00edas y tutor\u00edas<\/strong><\/p>\n<p>Con gusto asesoramos y apoyamos a los j\u00f3venes creadores e inventores. Como ejemplo tenemos el equipo <strong>Gal\u00e1cticos<\/strong>, formado por j\u00f3venes universitarios que ganaron <a href=\"https:\/\/www.irox.mx\/wp\/2024\/04\/galacticos-primer-lugar-tmr-2024\/\">Primer Lugar en el Torneo Mexicano de Rob\u00f3tica 2024<\/a>, con un robot limpiador de playa, creado completamente en nuestro <strong>Maker Space iRoX<\/strong>.<\/p>\n<p><strong>Equipo<\/strong><\/p>\n<ul>\n<li><strong><img loading=\"lazy\" decoding=\"async\" class=\"alignright wp-image-1821 size-thumbnail\" src=\"https:\/\/www.irox.mx\/wp\/wp-content\/uploads\/2021\/06\/Corte-Laser-05-150x150.jpg\" alt=\"\" width=\"150\" height=\"150\" \/><\/strong>Computadoras con Windows, macOS o Linux.<\/li>\n<li>Impresoras 3D<\/li>\n<li>Cortadora l\u00e1ser<\/li>\n<\/ul>\n<p><strong>Software<\/strong><\/p>\n<ul>\n<li>Sistemas operativos Windows, macOS, Linux<\/li>\n<li>Microsoft Office 365<\/li>\n<li>Para dise\u00f1o 2D y corte l\u00e1ser<\/li>\n<li>Para dise\u00f1o e impresi\u00f3n 3D<\/li>\n<\/ul>\n<p><strong>Kits de desarrollo y aprendizaje<\/strong><\/p>\n<ul>\n<li><img loading=\"lazy\" decoding=\"async\" class=\"alignright wp-image-1887 size-thumbnail\" src=\"https:\/\/www.irox.mx\/wp\/wp-content\/uploads\/2021\/10\/Robot-Sanduino-A02-150x150.png\" alt=\"Robot Sanduino A02\" width=\"150\" height=\"150\" \/>Lego Mindstorms NXT, EV3, Robot Inventor<\/li>\n<li>Arduino UNO, Mega, Micro, Nano<\/li>\n<li>Raspberry Pi<\/li>\n<li>NVIDIA Jetson Nano<\/li>\n<li>TurtleBot 3 Burger<\/li>\n<li>Makeblock Mbot V1.1<\/li>\n<li>WWAVE ROVER<\/li>\n<li>Robot Sanduino A02 (creado en Maker Space iRoX)<\/li>\n<\/ul>\n<p><strong>M\u00e1quinas y herramientas b\u00e1sicas<\/strong><\/p>\n<ul>\n<li><img loading=\"lazy\" decoding=\"async\" class=\"alignright wp-image-1623 size-thumbnail\" src=\"https:\/\/www.irox.mx\/wp\/wp-content\/uploads\/2019\/09\/2019-10-01-17.14.46-ch-150x150.jpg\" alt=\"\" width=\"150\" height=\"150\" \/>Taladro de banco<\/li>\n<li>Taladro manual<\/li>\n<li>Sierra circular<\/li>\n<li>Sierra caladora<\/li>\n<li>Cautines<\/li>\n<li>Martillos<\/li>\n<li>Pinzas<\/li>\n<li>Desarmadores<\/li>\n<\/ul>\n<p><strong>Cursos y talleres<\/strong><\/p>\n<p>Como parte del Instituto de Rob\u00f3tica de Xalapa ofrecemos una variedad de cursos para ni\u00f1os, j\u00f3venes y adultos.<\/p>\n<ul>\n<li>Cursos de Rob\u00f3tica Lego, para ni\u00f1os y j\u00f3venes<\/li>\n<li>Cursos de Rob\u00f3tica Arduino<\/li>\n<li>Cursos de Rob\u00f3tica con Raspberry Pi<\/li>\n<li>Cursos de Programaci\u00f3n C\/C++, Java, Python, Delphi, PHP<\/li>\n<li>Cursos de Programaci\u00f3n de aplicaciones web, de escritorio y m\u00f3viles<\/li>\n<li>Cursos de Ofim\u00e1tica, Word, Excel, PowerPoint, Outlook<\/li>\n<li>Cursos de dise\u00f1o 2D y corte l\u00e1ser, dise\u00f1o e impresi\u00f3n 3D<\/li>\n<li>Otros cursos seg\u00fan tus requerimientos<\/li>\n<\/ul>\n<p><strong>Sede<\/strong><\/p>\n<p><strong>Instituto de Rob\u00f3tica de Xalapa A.C.<\/strong>, Calle Constituyentes de 1917 No. 131 Int. 2, Col. Azteca, Xalapa, Veracruz, M\u00e9xico. Se puede llegar por Agua Santa II, Plaza Cristal o la Carretera a El Castillo.<\/p>\n<p><iframe loading=\"lazy\" src=\"https:\/\/www.google.com\/maps\/embed?pb=!1m14!1m8!1m3!1d30078.50074953744!2d-96.93327772427074!3d19.549657763412203!3m2!1i1024!2i768!4f13.1!3m3!1m2!1s0x0%3A0x57567739e75e70c2!2sInstituto%20de%20Rob%C3%B3tica%20de%20Xalapa%20A.C.!5e0!3m2!1ses!2smx!4v1624472723909!5m2!1ses!2smx\" width=\"600\" height=\"450\" allowfullscreen=\"allowfullscreen\" data-mce-fragment=\"1\"><\/iframe><\/p>\n<p><strong>M\u00e1s informaci\u00f3n<\/strong><\/p>\n<p>Para m\u00e1s informaci\u00f3n sobre lo que puedes hacer en el <strong>Maker Space iRoX<\/strong>, afiliaci\u00f3n, cursos, etc., escr\u00edbenos al correo electr\u00f3nico <a href=\"mailto:irox@robotsa.com\">irox@robotsa.com<\/a>.<\/p>\n","protected":false},"excerpt":{"rendered":"<p>Maker Space iRoX es un espacio donde la gente se puede reunir para crear o inventar cosas, de manera tradicional o usando tecnolog\u00eda, mediante la resoluci\u00f3n de problemas y la inmersi\u00f3n en proyectos personales significativos. El Maker Space iRoX est\u00e1 ubicado en la ciudad de Xalapa, Veracruz, M\u00e9xico; cuenta con equipos, kits de desarrollo y [&hellip;]<\/p>\n","protected":false},"author":1,"featured_media":0,"parent":0,"menu_order":0,"comment_status":"closed","ping_status":"closed","template":"","meta":{"_price":"","_stock":"","_tribe_ticket_header":"","_tribe_default_ticket_provider":"","_tribe_ticket_capacity":"0","_ticket_start_date":"","_ticket_end_date":"","_tribe_ticket_show_description":"","_tribe_ticket_show_not_going":false,"_tribe_ticket_use_global_stock":"","_tribe_ticket_global_stock_level":"","_global_stock_mode":"","_global_stock_cap":"","_tribe_rsvp_for_event":"","_tribe_ticket_going_count":"","_tribe_ticket_not_going_count":"","_tribe_tickets_list":"[]","_tribe_ticket_has_attendee_info_fields":false,"footnotes":"","_tec_slr_enabled":"","_tec_slr_layout":""},"class_list":["post-531","page","type-page","status-publish","hentry","post"],"ticketed":false,"_links":{"self":[{"href":"https:\/\/www.irox.mx\/wp\/wp-json\/wp\/v2\/pages\/531","targetHints":{"allow":["GET"]}}],"collection":[{"href":"https:\/\/www.irox.mx\/wp\/wp-json\/wp\/v2\/pages"}],"about":[{"href":"https:\/\/www.irox.mx\/wp\/wp-json\/wp\/v2\/types\/page"}],"author":[{"embeddable":true,"href":"https:\/\/www.irox.mx\/wp\/wp-json\/wp\/v2\/users\/1"}],"replies":[{"embeddable":true,"href":"https:\/\/www.irox.mx\/wp\/wp-json\/wp\/v2\/comments?post=531"}],"version-history":[{"count":14,"href":"https:\/\/www.irox.mx\/wp\/wp-json\/wp\/v2\/pages\/531\/revisions"}],"predecessor-version":[{"id":2195,"href":"https:\/\/www.irox.mx\/wp\/wp-json\/wp\/v2\/pages\/531\/revisions\/2195"}],"wp:attachment":[{"href":"https:\/\/www.irox.mx\/wp\/wp-json\/wp\/v2\/media?parent=531"}],"curies":[{"name":"wp","href":"https:\/\/api.w.org\/{rel}","templated":true}]}}