{"id":71,"date":"2015-12-08T00:05:23","date_gmt":"2015-12-08T06:05:23","guid":{"rendered":"http:\/\/www.irox.mx\/wp\/?page_id=71"},"modified":"2025-03-18T14:18:17","modified_gmt":"2025-03-18T20:18:17","slug":"universitario","status":"publish","type":"page","link":"https:\/\/www.irox.mx\/wp\/educacion\/universitario\/","title":{"rendered":"Nivel Universitario"},"content":{"rendered":"<p>Tenemos cursos y talleres para j\u00f3venes universitarios<\/p>\n<ul>\n<li>Inteligencia Artificial\n<ul>\n<li>Generativa\n<ul>\n<li>ChatGPT<\/li>\n<li>Gemini<\/li>\n<li>Copilot<\/li>\n<\/ul>\n<\/li>\n<li>Redes neuronales<\/li>\n<li>Aprendizaje de m\u00e1quina<\/li>\n<li>Visi\u00f3n por computadora<\/li>\n<li>M\u00e1s&#8230;<\/li>\n<\/ul>\n<\/li>\n<li>Rob\u00f3tica\n<ul>\n<li>Con Lego Mindstorms NXT\/EV3<\/li>\n<li>Con Arduino<\/li>\n<li>Con Raspberry Pi<\/li>\n<li>Con Jetson Nano<\/li>\n<\/ul>\n<\/li>\n<li>Programaci\u00f3n\n<ul>\n<li>En Python<\/li>\n<li>En Java<\/li>\n<li>En C\/C++<\/li>\n<li>En Pascal\/Delphi<\/li>\n<\/ul>\n<\/li>\n<li>Programaci\u00f3n Web\n<ul>\n<li>JSP<\/li>\n<li>PHP<\/li>\n<li>ColdFusion<\/li>\n<li>ASP\/ASP.NET<\/li>\n<\/ul>\n<\/li>\n<li>Ofim\u00e1tica\n<ul>\n<li>Procesador de textos<\/li>\n<li>Hoja de c\u00e1lculo<\/li>\n<li>Presentaciones<\/li>\n<li>Bases de datos<\/li>\n<\/ul>\n<\/li>\n<\/ul>\n","protected":false},"excerpt":{"rendered":"<p>Tenemos cursos y talleres para j\u00f3venes universitarios Inteligencia Artificial Generativa ChatGPT Gemini Copilot Redes neuronales Aprendizaje de m\u00e1quina Visi\u00f3n por computadora M\u00e1s&#8230; Rob\u00f3tica Con Lego Mindstorms NXT\/EV3 Con Arduino Con Raspberry Pi Con Jetson Nano Programaci\u00f3n En Python En Java En C\/C++ En Pascal\/Delphi Programaci\u00f3n Web JSP PHP ColdFusion ASP\/ASP.NET Ofim\u00e1tica Procesador de textos Hoja [&hellip;]<\/p>\n","protected":false},"author":1,"featured_media":0,"parent":975,"menu_order":400,"comment_status":"closed","ping_status":"closed","template":"","meta":{"footnotes":""},"class_list":["post-71","page","type-page","status-publish","hentry","post"],"_links":{"self":[{"href":"https:\/\/www.irox.mx\/wp\/wp-json\/wp\/v2\/pages\/71","targetHints":{"allow":["GET"]}}],"collection":[{"href":"https:\/\/www.irox.mx\/wp\/wp-json\/wp\/v2\/pages"}],"about":[{"href":"https:\/\/www.irox.mx\/wp\/wp-json\/wp\/v2\/types\/page"}],"author":[{"embeddable":true,"href":"https:\/\/www.irox.mx\/wp\/wp-json\/wp\/v2\/users\/1"}],"replies":[{"embeddable":true,"href":"https:\/\/www.irox.mx\/wp\/wp-json\/wp\/v2\/comments?post=71"}],"version-history":[{"count":3,"href":"https:\/\/www.irox.mx\/wp\/wp-json\/wp\/v2\/pages\/71\/revisions"}],"predecessor-version":[{"id":2357,"href":"https:\/\/www.irox.mx\/wp\/wp-json\/wp\/v2\/pages\/71\/revisions\/2357"}],"up":[{"embeddable":true,"href":"https:\/\/www.irox.mx\/wp\/wp-json\/wp\/v2\/pages\/975"}],"wp:attachment":[{"href":"https:\/\/www.irox.mx\/wp\/wp-json\/wp\/v2\/media?parent=71"}],"curies":[{"name":"wp","href":"https:\/\/api.w.org\/{rel}","templated":true}]}}